{"id":13,"date":"2022-04-01T10:41:16","date_gmt":"2022-04-01T08:41:16","guid":{"rendered":"https:\/\/www.deti-diakosice.sk\/?page_id=13"},"modified":"2025-10-31T12:24:36","modified_gmt":"2025-10-31T11:24:36","slug":"kontakt","status":"publish","type":"page","link":"https:\/\/www.deti-diakosice.sk\/?page_id=13","title":{"rendered":"Kontakt"},"content":{"rendered":"\n<h6 class=\"wp-block-heading has-vivid-cyan-blue-color has-text-color\">Zv\u00e4z diabetikov Slovenska &#8211; Z\u00e1kladn\u00e1 organiz\u00e1cia Ko\u0161ice &#8211; deti<br>Komensk\u00e9ho 1117\/22<br>040 01 Ko\u0161ice<br><br>I\u010cO: 006413320032<br>DI\u010c: 2021189335<br><br><a href=\"mailto:info@deti-diakosice.sk\" rel=\"nofollow\">info@deti-diakosice.s<\/a><a ref=\"mailto:info@deti-diakosice.sk\" rel=\"nofollow\">k<\/a><br><a href=\"tel:+421903903837\" rel=\"nofollow\">+421 903 903 837<\/a><br>Peter Hus\u0165ak &#8211; predseda<\/h6>\n\n\n\n<p><br>Facebook: <a href=\"https:\/\/facebook.com\/deti.diakosice\" target=\"_blank\" rel=\"noreferrer noopener\">https:\/\/facebook.com\/deti.diakosice<\/a><\/p>\n\n\n\n<h6 class=\"wp-block-heading has-vivid-cyan-blue-color has-text-color\">\u010c\u00edslo \u00fa\u010dtu:<br>\u010ceskoslovensk\u00e1 obchodn\u00e1 banka, a.s.<br>SK36 <strong>7500<\/strong> 0000 00<strong>40 2129 7649<\/strong><br><br>Zv\u00e4z diabetikov Slovenska &#8211; Z\u00e1kladn\u00e1 organiz\u00e1cia Ko\u0161ice &#8211; deti je registrovan\u00e1 Ministerstvom vn\u00fatra SR reg. \u010d. VVS\/1-909\/90-143-4<\/h6>\n\n\n\n<figure class=\"wp-block-image size-large\"><img decoding=\"async\" src=\"https:\/\/www.deti-diakosice.sk\/wp-content\/uploads\/2025\/10\/ZDS-ZOKE-detiQR-orig.jpg\" width=\"\" height=\"1\" alt=\"\" class=\"wp-image-279\"\/><\/figure>\n\n\n\n<p class=\"has-vivid-cyan-blue-color has-text-color\">Podporuj\u00fa n\u00e1s:<\/p>\n\n\n\n<p class=\"has-vivid-cyan-blue-color has-text-color\"><a href=\"http:\/\/www.zds.sk\" target=\"_blank\">Zv\u00e4z diabetikov Slovenska &#8211; www.zds.sk<\/a><\/p>\n\n\n\n<table>\n        <tr>\n            <td>\n                <a href=\"https:\/\/www.betamont.sk\" target=\"_blank\">\n                    <img loading=\"lazy\" decoding=\"async\" src=\"https:\/\/www.deti-diakosice.sk\/wp-content\/uploads\/2025\/02\/betamont_positive_320.png\" width=\"320\" height=\"146\" alt=\"BETAMONT s.r.o.\">\n                <\/a>\n            <\/td>\n            <td>\n                <a href=\"https:\/\/www.lorex.sk\" target=\"_blank\">\n                    <img loading=\"lazy\" decoding=\"async\" src=\"https:\/\/www.deti-diakosice.sk\/wp-content\/uploads\/2025\/06\/lorexdistribution_lg.jpg\" width=\"320\" height=\"178\" alt=\"Lorex Distribution s.r.o.\">\n                <\/a>\n            <\/td>\n            <td>\n                <a href=\"https:\/\/www.websupport.sk\/?ref=NjIjGV86\" target=\"_blank\">\n                    <img loading=\"lazy\" decoding=\"async\" src=\"https:\/\/www.deti-diakosice.sk\/wp-content\/uploads\/2022\/04\/freeweb-sk-3.png\" width=\"320\" height=\"100\" alt=\"Websupport, s.r.o.\">\n                <\/a>\n            <\/td>\n        <\/tr>\n    <\/table>\n","protected":false},"excerpt":{"rendered":"<p>Zv\u00e4z diabetikov Slovenska &#8211; Z\u00e1kladn\u00e1 organiz\u00e1cia Ko\u0161ice &#8211; detiKomensk\u00e9ho 1117\/22040 01 Ko\u0161ice I\u010cO: 006413320032DI\u010c: 2021189335 info@deti-diakosice.sk+421 903 903 837Peter Hus\u0165ak &#8211; predseda Facebook: https:\/\/facebook.com\/deti.diakosice \u010c\u00edslo \u00fa\u010dtu:\u010ceskoslovensk\u00e1 obchodn\u00e1 banka, a.s.SK36 7500 0000 0040 2129 7649 Zv\u00e4z diabetikov Slovenska &#8211; Z\u00e1kladn\u00e1 organiz\u00e1cia Ko\u0161ice &#8211; deti je registrovan\u00e1 Ministerstvom vn\u00fatra SR reg. \u010d. VVS\/1-909\/90-143-4 Podporuj\u00fa n\u00e1s: Zv\u00e4z diabetikov [&hellip;]<\/p>\n","protected":false},"author":2,"featured_media":0,"parent":0,"menu_order":1,"comment_status":"closed","ping_status":"closed","template":"","meta":{"_monsterinsights_skip_tracking":false,"_monsterinsights_sitenote_active":false,"_monsterinsights_sitenote_note":"","_monsterinsights_sitenote_category":0,"footnotes":""},"class_list":["post-13","page","type-page","status-publish","hentry"],"yoast_head":"<!-- This site is optimized with the Yoast SEO plugin v25.2 - https:\/\/yoast.com\/wordpress\/plugins\/seo\/ -->\n<title>Kontakt - Zv\u00e4z diabetikov Slovenska - Z\u00e1kladn\u00e1 organiz\u00e1cia Ko\u0161ice - deti<\/title>\n<meta name=\"robots\" content=\"index, follow, max-snippet:-1, max-image-preview:large, max-video-preview:-1\" \/>\n<link rel=\"canonical\" href=\"https:\/\/www.deti-diakosice.sk\/?page_id=13\" \/>\n<meta property=\"og:locale\" content=\"sk_SK\" \/>\n<meta property=\"og:type\" content=\"article\" \/>\n<meta property=\"og:title\" content=\"Kontakt - Zv\u00e4z diabetikov Slovenska - Z\u00e1kladn\u00e1 organiz\u00e1cia Ko\u0161ice - deti\" \/>\n<meta property=\"og:description\" content=\"Zv\u00e4z diabetikov Slovenska &#8211; Z\u00e1kladn\u00e1 organiz\u00e1cia Ko\u0161ice &#8211; detiKomensk\u00e9ho 1117\/22040 01 Ko\u0161ice I\u010cO: 006413320032DI\u010c: 2021189335 info@deti-diakosice.sk+421 903 903 837Peter Hus\u0165ak &#8211; predseda Facebook: https:\/\/facebook.com\/deti.diakosice \u010c\u00edslo \u00fa\u010dtu:\u010ceskoslovensk\u00e1 obchodn\u00e1 banka, a.s.SK36 7500 0000 0040 2129 7649 Zv\u00e4z diabetikov Slovenska &#8211; Z\u00e1kladn\u00e1 organiz\u00e1cia Ko\u0161ice &#8211; deti je registrovan\u00e1 Ministerstvom vn\u00fatra SR reg. \u010d. VVS\/1-909\/90-143-4 Podporuj\u00fa n\u00e1s: Zv\u00e4z diabetikov [&hellip;]\" \/>\n<meta property=\"og:url\" content=\"https:\/\/www.deti-diakosice.sk\/?page_id=13\" \/>\n<meta property=\"og:site_name\" content=\"Zv\u00e4z diabetikov Slovenska - Z\u00e1kladn\u00e1 organiz\u00e1cia Ko\u0161ice - deti\" \/>\n<meta property=\"article:modified_time\" content=\"2025-10-31T11:24:36+00:00\" \/>\n<meta property=\"og:image\" content=\"https:\/\/www.deti-diakosice.sk\/wp-content\/uploads\/2025\/10\/ZDS-ZOKE-detiQR.jpg\" \/>\n\t<meta property=\"og:image:width\" content=\"910\" \/>\n\t<meta property=\"og:image:height\" content=\"1047\" \/>\n\t<meta property=\"og:image:type\" content=\"image\/jpeg\" \/>\n<meta name=\"twitter:card\" content=\"summary_large_image\" \/>\n<meta name=\"twitter:label1\" content=\"Predpokladan\u00fd \u010das \u010d\u00edtania\" \/>\n\t<meta name=\"twitter:data1\" content=\"2 min\u00faty\" \/>\n<script type=\"application\/ld+json\" class=\"yoast-schema-graph\">{\"@context\":\"https:\/\/schema.org\",\"@graph\":[{\"@type\":\"WebPage\",\"@id\":\"https:\/\/www.deti-diakosice.sk\/?page_id=13\",\"url\":\"https:\/\/www.deti-diakosice.sk\/?page_id=13\",\"name\":\"Kontakt - Zv\u00e4z diabetikov Slovenska - Z\u00e1kladn\u00e1 organiz\u00e1cia Ko\u0161ice - deti\",\"isPartOf\":{\"@id\":\"https:\/\/www.deti-diakosice.sk\/#website\"},\"primaryImageOfPage\":{\"@id\":\"https:\/\/www.deti-diakosice.sk\/?page_id=13#primaryimage\"},\"image\":{\"@id\":\"https:\/\/www.deti-diakosice.sk\/?page_id=13#primaryimage\"},\"thumbnailUrl\":\"https:\/\/www.deti-diakosice.sk\/wp-content\/uploads\/2025\/10\/ZDS-ZOKE-detiQR-orig.jpg\",\"datePublished\":\"2022-04-01T08:41:16+00:00\",\"dateModified\":\"2025-10-31T11:24:36+00:00\",\"breadcrumb\":{\"@id\":\"https:\/\/www.deti-diakosice.sk\/?page_id=13#breadcrumb\"},\"inLanguage\":\"sk-SK\",\"potentialAction\":[{\"@type\":\"ReadAction\",\"target\":[\"https:\/\/www.deti-diakosice.sk\/?page_id=13\"]}]},{\"@type\":\"ImageObject\",\"inLanguage\":\"sk-SK\",\"@id\":\"https:\/\/www.deti-diakosice.sk\/?page_id=13#primaryimage\",\"url\":\"https:\/\/www.deti-diakosice.sk\/wp-content\/uploads\/2025\/10\/ZDS-ZOKE-detiQR.jpg\",\"contentUrl\":\"https:\/\/www.deti-diakosice.sk\/wp-content\/uploads\/2025\/10\/ZDS-ZOKE-detiQR.jpg\",\"width\":910,\"height\":1047},{\"@type\":\"BreadcrumbList\",\"@id\":\"https:\/\/www.deti-diakosice.sk\/?page_id=13#breadcrumb\",\"itemListElement\":[{\"@type\":\"ListItem\",\"position\":1,\"name\":\"Home\",\"item\":\"https:\/\/www.deti-diakosice.sk\/\"},{\"@type\":\"ListItem\",\"position\":2,\"name\":\"Kontakt\"}]},{\"@type\":\"WebSite\",\"@id\":\"https:\/\/www.deti-diakosice.sk\/#website\",\"url\":\"https:\/\/www.deti-diakosice.sk\/\",\"name\":\"Zv\u00e4z diabetikov Slovenska - Z\u00e1kladn\u00e1 organiz\u00e1cia Ko\u0161ice - deti\",\"description\":\"Na\u0161e sladk\u00e9 deti :-)\",\"potentialAction\":[{\"@type\":\"SearchAction\",\"target\":{\"@type\":\"EntryPoint\",\"urlTemplate\":\"https:\/\/www.deti-diakosice.sk\/?s={search_term_string}\"},\"query-input\":{\"@type\":\"PropertyValueSpecification\",\"valueRequired\":true,\"valueName\":\"search_term_string\"}}],\"inLanguage\":\"sk-SK\"}]}<\/script>\n<!-- \/ Yoast SEO plugin. -->","yoast_head_json":{"title":"Kontakt - Zv\u00e4z diabetikov Slovenska - Z\u00e1kladn\u00e1 organiz\u00e1cia Ko\u0161ice - deti","robots":{"index":"index","follow":"follow","max-snippet":"max-snippet:-1","max-image-preview":"max-image-preview:large","max-video-preview":"max-video-preview:-1"},"canonical":"https:\/\/www.deti-diakosice.sk\/?page_id=13","og_locale":"sk_SK","og_type":"article","og_title":"Kontakt - Zv\u00e4z diabetikov Slovenska - Z\u00e1kladn\u00e1 organiz\u00e1cia Ko\u0161ice - deti","og_description":"Zv\u00e4z diabetikov Slovenska &#8211; Z\u00e1kladn\u00e1 organiz\u00e1cia Ko\u0161ice &#8211; detiKomensk\u00e9ho 1117\/22040 01 Ko\u0161ice I\u010cO: 006413320032DI\u010c: 2021189335 info@deti-diakosice.sk+421 903 903 837Peter Hus\u0165ak &#8211; predseda Facebook: https:\/\/facebook.com\/deti.diakosice \u010c\u00edslo \u00fa\u010dtu:\u010ceskoslovensk\u00e1 obchodn\u00e1 banka, a.s.SK36 7500 0000 0040 2129 7649 Zv\u00e4z diabetikov Slovenska &#8211; Z\u00e1kladn\u00e1 organiz\u00e1cia Ko\u0161ice &#8211; deti je registrovan\u00e1 Ministerstvom vn\u00fatra SR reg. \u010d. VVS\/1-909\/90-143-4 Podporuj\u00fa n\u00e1s: Zv\u00e4z diabetikov [&hellip;]","og_url":"https:\/\/www.deti-diakosice.sk\/?page_id=13","og_site_name":"Zv\u00e4z diabetikov Slovenska - Z\u00e1kladn\u00e1 organiz\u00e1cia Ko\u0161ice - deti","article_modified_time":"2025-10-31T11:24:36+00:00","og_image":[{"width":910,"height":1047,"url":"https:\/\/www.deti-diakosice.sk\/wp-content\/uploads\/2025\/10\/ZDS-ZOKE-detiQR.jpg","type":"image\/jpeg"}],"twitter_card":"summary_large_image","twitter_misc":{"Predpokladan\u00fd \u010das \u010d\u00edtania":"2 min\u00faty"},"schema":{"@context":"https:\/\/schema.org","@graph":[{"@type":"WebPage","@id":"https:\/\/www.deti-diakosice.sk\/?page_id=13","url":"https:\/\/www.deti-diakosice.sk\/?page_id=13","name":"Kontakt - Zv\u00e4z diabetikov Slovenska - Z\u00e1kladn\u00e1 organiz\u00e1cia Ko\u0161ice - deti","isPartOf":{"@id":"https:\/\/www.deti-diakosice.sk\/#website"},"primaryImageOfPage":{"@id":"https:\/\/www.deti-diakosice.sk\/?page_id=13#primaryimage"},"image":{"@id":"https:\/\/www.deti-diakosice.sk\/?page_id=13#primaryimage"},"thumbnailUrl":"https:\/\/www.deti-diakosice.sk\/wp-content\/uploads\/2025\/10\/ZDS-ZOKE-detiQR-orig.jpg","datePublished":"2022-04-01T08:41:16+00:00","dateModified":"2025-10-31T11:24:36+00:00","breadcrumb":{"@id":"https:\/\/www.deti-diakosice.sk\/?page_id=13#breadcrumb"},"inLanguage":"sk-SK","potentialAction":[{"@type":"ReadAction","target":["https:\/\/www.deti-diakosice.sk\/?page_id=13"]}]},{"@type":"ImageObject","inLanguage":"sk-SK","@id":"https:\/\/www.deti-diakosice.sk\/?page_id=13#primaryimage","url":"https:\/\/www.deti-diakosice.sk\/wp-content\/uploads\/2025\/10\/ZDS-ZOKE-detiQR.jpg","contentUrl":"https:\/\/www.deti-diakosice.sk\/wp-content\/uploads\/2025\/10\/ZDS-ZOKE-detiQR.jpg","width":910,"height":1047},{"@type":"BreadcrumbList","@id":"https:\/\/www.deti-diakosice.sk\/?page_id=13#breadcrumb","itemListElement":[{"@type":"ListItem","position":1,"name":"Home","item":"https:\/\/www.deti-diakosice.sk\/"},{"@type":"ListItem","position":2,"name":"Kontakt"}]},{"@type":"WebSite","@id":"https:\/\/www.deti-diakosice.sk\/#website","url":"https:\/\/www.deti-diakosice.sk\/","name":"Zv\u00e4z diabetikov Slovenska - Z\u00e1kladn\u00e1 organiz\u00e1cia Ko\u0161ice - deti","description":"Na\u0161e sladk\u00e9 deti :-)","potentialAction":[{"@type":"SearchAction","target":{"@type":"EntryPoint","urlTemplate":"https:\/\/www.deti-diakosice.sk\/?s={search_term_string}"},"query-input":{"@type":"PropertyValueSpecification","valueRequired":true,"valueName":"search_term_string"}}],"inLanguage":"sk-SK"}]}},"_links":{"self":[{"href":"https:\/\/www.deti-diakosice.sk\/index.php?rest_route=\/wp\/v2\/pages\/13","targetHints":{"allow":["GET"]}}],"collection":[{"href":"https:\/\/www.deti-diakosice.sk\/index.php?rest_route=\/wp\/v2\/pages"}],"about":[{"href":"https:\/\/www.deti-diakosice.sk\/index.php?rest_route=\/wp\/v2\/types\/page"}],"author":[{"embeddable":true,"href":"https:\/\/www.deti-diakosice.sk\/index.php?rest_route=\/wp\/v2\/users\/2"}],"replies":[{"embeddable":true,"href":"https:\/\/www.deti-diakosice.sk\/index.php?rest_route=%2Fwp%2Fv2%2Fcomments&post=13"}],"version-history":[{"count":5,"href":"https:\/\/www.deti-diakosice.sk\/index.php?rest_route=\/wp\/v2\/pages\/13\/revisions"}],"predecessor-version":[{"id":280,"href":"https:\/\/www.deti-diakosice.sk\/index.php?rest_route=\/wp\/v2\/pages\/13\/revisions\/280"}],"wp:attachment":[{"href":"https:\/\/www.deti-diakosice.sk\/index.php?rest_route=%2Fwp%2Fv2%2Fmedia&parent=13"}],"curies":[{"name":"wp","href":"https:\/\/api.w.org\/{rel}","templated":true}]}}