{"id":282,"date":"2026-01-25T20:07:28","date_gmt":"2026-01-25T19:07:28","guid":{"rendered":"https:\/\/www.deti-diakosice.sk\/?page_id=282"},"modified":"2026-01-25T21:54:38","modified_gmt":"2026-01-25T20:54:38","slug":"dve-percenta-z-dane-za-rok-2025-darovane-v-roku-2026","status":"publish","type":"page","link":"https:\/\/www.deti-diakosice.sk\/","title":{"rendered":"Dve percent\u00e1"},"content":{"rendered":"\n<h3 class=\"wp-block-heading\">PRE\u010cO DAROVA\u0164 2% Z DANE<\/h3>\n\n\n\n<p class=\"has-vivid-cyan-blue-color has-text-color\">V\u00e1\u0161 pr\u00edspevok vo forme 2% z dane z pr\u00edjmu fyzick\u00fdch a pr\u00e1vnick\u00fdch os\u00f4b <em>nie je pr\u00edspevok navy\u0161e z v\u00e1\u0161ho pr\u00edjmu<\/em>. Pr\u00e1ve naopak, v pr\u00edpade neuplatnenia si svojho pr\u00e1va, tieto prostriedky odvedie da\u0148ov\u00fd \u00farad do \u0161t\u00e1tneho rozpo\u010dtu. Od roku 2026 m\u00f4\u017eu \u013eudia popri neziskovk\u00e1ch posla\u0165 2 % z dane aj rodi\u010dom \u2013 d\u00f4chodcom. <em>Mechanizmus pre ob\u010dianske zdru\u017eenie ost\u00e1va bez zmeny. V jednom roku tak mo\u017eno darova\u0165 a\u017e 6 % z dane (2 % mame + 2 % otcovi + 2 % ob\u010dianskemu zdru\u017eeniu).<\/em><\/p>\n\n\n\n<p class=\"has-vivid-cyan-blue-color has-text-color\">Budeme radi, ak sa v\u00e1m na\u0161e aktivity pre deti s diagn\u00f3zou Diabetes mellitus (\u013eudovo cukrovka) p\u00e1\u010dia a rozhodnete sa podpori\u0165 svojimi 2% (3%) za rok 2024 pr\u00e1ve na\u0161u organiz\u00e1ciu Zv\u00e4z diabetikov Slovenska \u2013 Z\u00e1kladn\u00e1 organiz\u00e1cia Ko\u0161ice \u2013 deti.<\/p>\n\n\n\n<p class=\"has-vivid-cyan-blue-color has-text-color\">Darovan\u00edm 2% (3%) z va\u0161ich dan\u00ed, prispejete na zlep\u0161enie kvality \u017eivota det\u00ed s diabetom. V\u00e1s to ni\u010d nestoj\u00ed, deti pote\u0161\u00ed.<\/p>\n\n\n\n<p class=\"has-vivid-cyan-blue-color has-text-color\"><strong>Detail organiz\u00e1cie pre Vyhl\u00e1senie o pouk\u00e1zan\u00ed podielu zaplatenej dane z pr\u00edjmov fyzickej osoby.<br>I\u010cO: 006413320032<br>Zv\u00e4z diabetikov Slovenska \u2013 Z\u00e1kladn\u00e1 organiz\u00e1cia Ko\u0161ice \u2013 deti<\/strong><\/p>\n\n\n\n<p class=\"has-vivid-cyan-blue-color has-text-color\">Ofici\u00e1lny zoznam poberate\u013eov 2&nbsp;%&nbsp;<a href=\"https:\/\/www.notar.sk\/poberatel\/?actId=6937e73fb87ec92031a0ecc9\" target=\"_blank\" rel=\"noreferrer noopener\">n\u00e1jdete tu<\/a>.<\/p>\n\n\n\n<p class=\"has-vivid-cyan-blue-color has-text-color\">Zistite ako na to a stiahnite si tla\u010div\u00e1 pre pouk\u00e1zanie 2% (3%) podielu dane z pr\u00edjmov<br>| <a href=\"#Zamestnanec\">Zamestnanec<\/a> | <a href=\"#Fyzicka_osoba\">Fyzick\u00e1 osoba<\/a> | <a href=\"#Pravnicka_osoba\">Pr\u00e1vnick\u00e1 osoba<\/a> | <a href=\"#Ako_darovat\">Ako darova\u0165 (3%)<\/a> |<\/p>\n\n\n\n<p class=\"has-vivid-cyan-blue-color has-text-color\"><a name=\"Zamestnanec\"><strong>ZAMESTNANEC<\/strong><\/a><br>1. Do\u00a016. febru\u00e1ra 2026 po\u017eiadajte zamestn\u00e1vate\u013ea (<span style=\"text-decoration: underline;\"><em><a href=\"https:\/\/deti-diakosice.sk\/ZIA51g2v21_1.pdf\" target=\"_blank\" rel=\"noreferrer noopener\">\u017diados\u0165 o vydanie potvrdenia o zaplaten\u00ed dane<\/a><\/em><\/span>) o\u00a0vykonanie ro\u010dn\u00e9ho z\u00fa\u010dtovania zaplaten\u00fdch preddavkov na\u00a0da\u0148\u00a0a\u00a0o\u00a0vystavenie\u00a0<a href=\"https:\/\/deti-diakosice.sk\/v2pv18_p-ed22-pozdzp-za-25.pdf\" target=\"_blank\" rel=\"noreferrer noopener nofollow\"><em>Potvrdenia o\u00a0zaplaten\u00ed dane z\u00a0pr\u00edjmov zo\u00a0z\u00e1vislej \u010dinnosti<\/em><\/a>.\u00a0<br>2. Vypl\u0148te tla\u010divo\u00a0<a href=\"https:\/\/deti-diakosice.sk\/V2Pv25_1-voppzdzpfo-za-25.pdf\" target=\"_blank\" rel=\"noreferrer noopener nofollow\"><em>Vyhl\u00e1senie o\u00a0pouk\u00e1zan\u00ed podielu zaplatenej dane z\u00a0pr\u00edjmov fyzickej osoby<\/em><\/a>.<br><strong>3. Do\u00a030. apr\u00edla\u00a02025\u00a0doru\u010dte obe tla\u010div\u00e1 na\u00a0da\u0148ov\u00fd \u00farad pod\u013ea V\u00e1\u0161ho bydliska, alebo n\u00e1s kontaktujte emailom \u010di telefonicky. <em>Ak ste z Ko\u0161\u00edc, osobne sa s Vami skontaktujme a dokumenty doru\u010d\u00edme na da\u0148ov\u00fd \u00farad za V\u00e1s.<\/em><\/strong><\/p>\n\n\n\n<p class=\"has-vivid-cyan-blue-color has-text-color\">Povinnou pr\u00edlohou \u201evyhl\u00e1senia\u201c je<br><a href=\"https:\/\/deti-diakosice.sk\/v2pv18_p-ed22-pozdzp-za-24.pdf\" target=\"_blank\" rel=\"noreferrer noopener nofollow\">Potvrdenia o&nbsp;zaplaten\u00ed dane z&nbsp;pr\u00edjmov zo&nbsp;z\u00e1vislej \u010dinnosti<\/a>, ktor\u00e9 da\u0148ovn\u00edkovi vyd\u00e1 zamestn\u00e1vate\u013e na&nbsp;predp\u00edsanom tla\u010dive.<br><a href=\"https:\/\/deti-diakosice.sk\" rel=\"nofollow\">Potvrdenie o&nbsp;vykon\u00e1van\u00ed dobrovo\u013en\u00edckej \u010dinnosti<\/a>, ak poukazujete podiel vo&nbsp;v\u00fd\u0161ke&nbsp;3&nbsp;% zaplatenej dane.<\/p>\n\n\n\n<p class=\"has-vivid-cyan-blue-color has-text-color\"><a name=\"Fyzicka_osoba\"><strong>FYZICK\u00c1 OSOBA<\/strong><\/a> (DP TYP A) &#8211; da\u0148ov\u00e9 priznanie si pod\u00e1vam s\u00e1m (ste zamestnan\u00fd, ale da\u0148ov\u00e9 priznanie si pod\u00e1vate sami &#8211; napr. v priebehu roka ste mali s\u00fa\u010dasne viac zamestnan\u00ed, SZ\u010cO a pod.)<br>Ak ste\u00a0fyzick\u00e1 osoba, ktor\u00e1 sama pod\u00e1va da\u0148ov\u00e9 priznanie:<br>1. V <em><a href=\"https:\/\/deti-diakosice.sk\/DPFOAv25.pdf\" target=\"_blank\" rel=\"noreferrer noopener\">Da\u0148ovom priznan\u00ed k dani z pr\u00edjmov FO typ A za rok 2025<\/a><\/em> &#8211; nezabudnite vyp\u00edsa\u0165 kol\u00f3nku: Oddiel VIII VYHL\u00c1SENIE o pouk\u00e1zan\u00ed podielu zaplatenej dane z pr\u00edjmov fyzickej osoby pod\u013ea \u00a7 50 a \u00a7 50aa z\u00e1kona, riadok 81. <br><a href=\"https:\/\/deti-diakosice.sk\/DPFOAv25-potvrdenie.pdf\" target=\"_blank\" rel=\"noreferrer noopener\"><em>Potvrdenie k dani z pr\u00edjmov FO typ A za rok 2025<\/em><\/a><br>Elektronick\u00fd formul\u00e1r &#8211; m\u00f4\u017eete ho vyplni\u0165 online a n\u00e1sledne vytla\u010di\u0165, podp\u00edsa\u0165 a doru\u010di\u0165 na pr\u00edslu\u0161n\u00fd \u00farad finan\u010dnej spr\u00e1vy: <a href=\"https:\/\/pfseform.financnasprava.sk\/Formulare\/eFormVzor\/DP\/form.620.html\" target=\"_blank\" rel=\"noreferrer noopener\"><em>elektronick\u00fd formul\u00e1r pre FO typu A<\/em><\/a>.<br>Upozornenie: elektronick\u00e9 formul\u00e1re s\u00fa ur\u010den\u00e9 ako pom\u00f4cka pri vyp\u013a\u0148an\u00ed pre NEREGISTROVAN\u00c9 DA\u0147OV\u00c9 SUBJEKTY. V pr\u00edpade, \u017ee komunikujete s finan\u010dnou spr\u00e1vou elektronicky, formul\u00e1re vyp\u013a\u0148ate v osobnej internetovej z\u00f3ne.<br>2.\u00a0Da\u0148ov\u00e9 priznanie k\u00a0dani z\u00a0pr\u00edjmov za zda\u0148ovacie obdobie\u00a0roku 2025\u00a0je fyzick\u00e1\u00a0osoba povinn\u00e1 poda\u0165\u00a0v\u00a0lehote do\u00a031.\u00a0marca 2026\u00a0(resp. v\u00a0pred\u013a\u017eenej lehote na\u00a0podanie da\u0148ov\u00e9ho priznania, t. j. do\u00a030.06.2026\u00a0alebo 30.09.2026)<\/p>\n\n\n\n<p class=\"has-vivid-cyan-blue-color has-text-color\"><a name=\"Fyzicka_osoba\"><strong>FYZICK\u00c1 OSOBA<\/strong><\/a> (DP TYP B) &#8211; da\u0148ov\u00e9 priznanie si pod\u00e1vam s\u00e1m (ste zamestnan\u00fd, ale da\u0148ov\u00e9 priznanie si pod\u00e1vate sami &#8211; napr. v priebehu roka ste mali s\u00fa\u010dasne viac zamestnan\u00ed, SZ\u010cO a pod.)<br>Ak ste\u00a0fyzick\u00e1 osoba, ktor\u00e1 sama pod\u00e1va da\u0148ov\u00e9 priznanie:<br>1. V <em><a href=\"https:\/\/deti-diakosice.sk\/DPFOBv25.pdf\" target=\"_blank\" rel=\"noreferrer noopener\">Da\u0148ovom priznan\u00ed k dani z pr\u00edjmov FO typ B za rok 2025<\/a><\/em> &#8211; nezabudnite vyp\u00edsa\u0165 kol\u00f3nku: Oddiel XII. ODDIEL &#8211; VYHL\u00c1SENIE o pouk\u00e1zan\u00ed podielu zaplatenej dane z pr\u00edjmov fyzickej osoby pod\u013ea \u00a7 50 a \u00a7 50aa z\u00e1kona, riadok 151. <br><a href=\"https:\/\/deti-diakosice.sk\/DPFOAv25-potvrdenie.pdf\" target=\"_blank\" rel=\"noreferrer noopener\"><em>Potvrdenie k dani z pr\u00edjmov FO typ B za rok 2025<\/em><\/a><br>Elektronick\u00fd formul\u00e1r &#8211; m\u00f4\u017eete ho vyplni\u0165 online a n\u00e1sledne vytla\u010di\u0165, podp\u00edsa\u0165 a doru\u010di\u0165 na pr\u00edslu\u0161n\u00fd \u00farad finan\u010dnej spr\u00e1vy: <a href=\"https:\/\/pfseform.financnasprava.sk\/Formulare\/eFormVzor\/DP\/form.621.html\" target=\"_blank\" rel=\"noreferrer noopener\"><em>elektronick\u00fd formul\u00e1r pre FO typu B<\/em><\/a>.<br>Upozornenie: elektronick\u00e9 formul\u00e1re s\u00fa ur\u010den\u00e9 ako pom\u00f4cka pri vyp\u013a\u0148an\u00ed pre NEREGISTROVAN\u00c9 DA\u0147OV\u00c9 SUBJEKTY. V pr\u00edpade, \u017ee komunikujete s finan\u010dnou spr\u00e1vou elektronicky, formul\u00e1re vyp\u013a\u0148ate v osobnej internetovej z\u00f3ne.<br>2.\u00a0Da\u0148ov\u00e9 priznanie k\u00a0dani z\u00a0pr\u00edjmov za zda\u0148ovacie obdobie\u00a0roku 2025\u00a0je fyzick\u00e1\u00a0osoba povinn\u00e1 poda\u0165\u00a0v\u00a0lehote do\u00a031.\u00a0marca 2026\u00a0(resp. v\u00a0pred\u013a\u017eenej lehote na\u00a0podanie da\u0148ov\u00e9ho priznania, t. j. do\u00a030.06.2026\u00a0alebo 30.09.2026)<\/p>\n\n\n\n<p class=\"has-vivid-cyan-blue-color has-text-color\"><a name=\"Pravnicka_osoba\"><strong>PR\u00c1VNICKA OSOBA<\/strong><\/a><br>Ak ste\u00a0pr\u00e1vnick\u00e1 osoba:<br>1.\u00a0Vypl\u0148te v\u00a0Da\u0148ovom priznan\u00ed pre\u00a0pr\u00e1vnick\u00e9 osoby kol\u00f3nky na\u00a0pouk\u00e1zanie 2% z\u00a0dane z\u00a0pr\u00edjmu.<br>2. Lehota\u00a0na\u00a0podanie da\u0148ov\u00e9ho priznania k\u00a0dani z\u00a0pr\u00edjmov pr\u00e1vnick\u00fdch os\u00f4b za zda\u0148ovacie obdobie roka 2025\u00a0uplynie\u00a031. marca 2026\u00a0(resp. v\u00a0pred\u013a\u017eenej lehote na\u00a0podanie da\u0148ov\u00e9ho priznania, t. j. do\u00a030.06.2026\u00a0alebo 30.09.2026)<\/p>\n\n\n\n<p class=\"has-vivid-cyan-blue-color has-text-color\"><a name=\"Ako_darovat\">AKO DAROVA\u0164 3% Z DANE<\/a><br>Ak fyzick\u00e1 osoba alebo zamestnanec vykon\u00e1val v&nbsp;kalend\u00e1rnom roku 2025&nbsp;dobrovo\u013en\u00edcku \u010dinnos\u0165 pre&nbsp;neziskov\u00fa organiz\u00e1ciu (\u013eubovo\u013en\u00fa) najmenej v&nbsp;po\u010dte 40&nbsp;hod\u00edn, m\u00f4\u017ee pouk\u00e1za\u0165 a\u017e 3&nbsp;% z&nbsp;podielu zaplatenej dane. O&nbsp;uvedenej skuto\u010dnosti neziskov\u00e1 organiz\u00e1cia vyd\u00e1 fyzickej osobe&nbsp;<strong><a href=\"https:\/\/deti-diakosice.sk\/\" rel=\"nofollow\">Potvrdenie o&nbsp;v\u00fdkone dobrovo\u013en\u00edckej \u010dinnosti<\/a>&nbsp;<\/strong>a t\u00e1 ho prilo\u017e\u00ed k&nbsp;Vyhl\u00e1seniu o&nbsp;pouk\u00e1zan\u00ed podielu zo&nbsp;zaplatenej dane, resp. k da\u0148ov\u00e9mu priznaniu.<\/p>\n\n\n\n<p class=\"has-vivid-cyan-blue-color has-text-color\"><img loading=\"lazy\" decoding=\"async\" width=\"1\" height=\"1\" class=\"wp-image-219\" style=\"width: 1px;\" src=\"https:\/\/www.deti-diakosice.sk\/wp-content\/uploads\/2025\/03\/cloud.jpeg\" alt=\"\" srcset=\"https:\/\/www.deti-diakosice.sk\/wp-content\/uploads\/2025\/03\/cloud.jpeg 640w, https:\/\/www.deti-diakosice.sk\/wp-content\/uploads\/2025\/03\/cloud-300x300.jpeg 300w, https:\/\/www.deti-diakosice.sk\/wp-content\/uploads\/2025\/03\/cloud-150x150.jpeg 150w, https:\/\/www.deti-diakosice.sk\/wp-content\/uploads\/2025\/03\/cloud-340x210.jpeg 340w\" sizes=\"auto, (max-width: 1px) 100vw, 1px\" \/> <\/p>\n\n\n\n<p>Podporuj\u00fa n\u00e1s:<br><a href=\"http:\/\/www.zds.sk\/\"><span style=\"text-decoration: underline;\"><em><strong>Zv\u00e4z diabetikov Slovenska<\/strong><\/em><\/span><\/a><\/p>\n\n\n\n<table>\n        <tr>\n            <td>\n                <a href=\"https:\/\/www.betamont.sk\" target=\"_blank\">\n                    <img loading=\"lazy\" decoding=\"async\" src=\"https:\/\/www.deti-diakosice.sk\/wp-content\/uploads\/2025\/02\/betamont_positive_320.png\" width=\"320\" height=\"146\" alt=\"BETAMONT s.r.o.\">\n                <\/a>\n            <\/td>\n            <td>\n                <a href=\"https:\/\/www.lorex.sk\" target=\"_blank\">\n                    <img loading=\"lazy\" decoding=\"async\" src=\"https:\/\/www.deti-diakosice.sk\/wp-content\/uploads\/2025\/06\/lorexdistribution_lg.jpg\" width=\"320\" height=\"178\" alt=\"Lorex Distribution s.r.o.\">\n                <\/a>\n            <\/td>\n            <td>\n                <a href=\"https:\/\/www.websupport.sk\/?ref=NjIjGV86\" target=\"_blank\">\n                    <img loading=\"lazy\" decoding=\"async\" src=\"https:\/\/www.deti-diakosice.sk\/wp-content\/uploads\/2022\/04\/freeweb-sk-3.png\" width=\"320\" height=\"100\" alt=\"Websupport, s.r.o.\">\n                <\/a>\n            <\/td>\n        <\/tr>\n    <\/table>\n","protected":false},"excerpt":{"rendered":"<p>PRE\u010cO DAROVA\u0164 2% Z DANE V\u00e1\u0161 pr\u00edspevok vo forme 2% z dane z pr\u00edjmu fyzick\u00fdch a pr\u00e1vnick\u00fdch os\u00f4b nie je pr\u00edspevok navy\u0161e z v\u00e1\u0161ho pr\u00edjmu. Pr\u00e1ve naopak, v pr\u00edpade neuplatnenia si svojho pr\u00e1va, tieto prostriedky odvedie da\u0148ov\u00fd \u00farad do \u0161t\u00e1tneho rozpo\u010dtu. Od roku 2026 m\u00f4\u017eu \u013eudia popri neziskovk\u00e1ch posla\u0165 2 % z dane aj rodi\u010dom [&hellip;]<\/p>\n","protected":false},"author":2,"featured_media":0,"parent":0,"menu_order":0,"comment_status":"closed","ping_status":"closed","template":"","meta":{"_monsterinsights_skip_tracking":false,"_monsterinsights_sitenote_active":false,"_monsterinsights_sitenote_note":"","_monsterinsights_sitenote_category":0,"footnotes":""},"class_list":["post-282","page","type-page","status-publish","hentry"],"yoast_head":"<!-- This site is optimized with the Yoast SEO plugin v25.2 - https:\/\/yoast.com\/wordpress\/plugins\/seo\/ -->\n<title>Dve percent\u00e1 - Zv\u00e4z diabetikov Slovenska - Z\u00e1kladn\u00e1 organiz\u00e1cia Ko\u0161ice - deti<\/title>\n<meta name=\"robots\" content=\"index, follow, max-snippet:-1, max-image-preview:large, max-video-preview:-1\" \/>\n<link rel=\"canonical\" href=\"https:\/\/www.deti-diakosice.sk\/\" \/>\n<meta property=\"og:locale\" content=\"sk_SK\" \/>\n<meta property=\"og:type\" content=\"article\" \/>\n<meta property=\"og:title\" content=\"Dve percent\u00e1 - Zv\u00e4z diabetikov Slovenska - Z\u00e1kladn\u00e1 organiz\u00e1cia Ko\u0161ice - deti\" \/>\n<meta property=\"og:description\" content=\"PRE\u010cO DAROVA\u0164 2% Z DANE V\u00e1\u0161 pr\u00edspevok vo forme 2% z dane z pr\u00edjmu fyzick\u00fdch a pr\u00e1vnick\u00fdch os\u00f4b nie je pr\u00edspevok navy\u0161e z v\u00e1\u0161ho pr\u00edjmu. Pr\u00e1ve naopak, v pr\u00edpade neuplatnenia si svojho pr\u00e1va, tieto prostriedky odvedie da\u0148ov\u00fd \u00farad do \u0161t\u00e1tneho rozpo\u010dtu. Od roku 2026 m\u00f4\u017eu \u013eudia popri neziskovk\u00e1ch posla\u0165 2 % z dane aj rodi\u010dom [&hellip;]\" \/>\n<meta property=\"og:url\" content=\"https:\/\/www.deti-diakosice.sk\/\" \/>\n<meta property=\"og:site_name\" content=\"Zv\u00e4z diabetikov Slovenska - Z\u00e1kladn\u00e1 organiz\u00e1cia Ko\u0161ice - deti\" \/>\n<meta property=\"article:modified_time\" content=\"2026-01-25T20:54:38+00:00\" \/>\n<meta property=\"og:image\" content=\"https:\/\/www.deti-diakosice.sk\/wp-content\/uploads\/2025\/03\/cloud.jpeg\" \/>\n\t<meta property=\"og:image:width\" content=\"640\" \/>\n\t<meta property=\"og:image:height\" content=\"640\" \/>\n\t<meta property=\"og:image:type\" content=\"image\/jpeg\" \/>\n<meta name=\"twitter:card\" content=\"summary_large_image\" \/>\n<meta name=\"twitter:label1\" content=\"Predpokladan\u00fd \u010das \u010d\u00edtania\" \/>\n\t<meta name=\"twitter:data1\" content=\"6 min\u00fat\" \/>\n<script type=\"application\/ld+json\" class=\"yoast-schema-graph\">{\"@context\":\"https:\/\/schema.org\",\"@graph\":[{\"@type\":\"WebPage\",\"@id\":\"https:\/\/www.deti-diakosice.sk\/\",\"url\":\"https:\/\/www.deti-diakosice.sk\/\",\"name\":\"Dve percent\u00e1 - Zv\u00e4z diabetikov Slovenska - Z\u00e1kladn\u00e1 organiz\u00e1cia Ko\u0161ice - deti\",\"isPartOf\":{\"@id\":\"https:\/\/www.deti-diakosice.sk\/#website\"},\"primaryImageOfPage\":{\"@id\":\"https:\/\/www.deti-diakosice.sk\/#primaryimage\"},\"image\":{\"@id\":\"https:\/\/www.deti-diakosice.sk\/#primaryimage\"},\"thumbnailUrl\":\"https:\/\/www.deti-diakosice.sk\/wp-content\/uploads\/2025\/03\/cloud.jpeg\",\"datePublished\":\"2026-01-25T19:07:28+00:00\",\"dateModified\":\"2026-01-25T20:54:38+00:00\",\"breadcrumb\":{\"@id\":\"https:\/\/www.deti-diakosice.sk\/#breadcrumb\"},\"inLanguage\":\"sk-SK\",\"potentialAction\":[{\"@type\":\"ReadAction\",\"target\":[\"https:\/\/www.deti-diakosice.sk\/\"]}]},{\"@type\":\"ImageObject\",\"inLanguage\":\"sk-SK\",\"@id\":\"https:\/\/www.deti-diakosice.sk\/#primaryimage\",\"url\":\"https:\/\/www.deti-diakosice.sk\/wp-content\/uploads\/2025\/03\/cloud.jpeg\",\"contentUrl\":\"https:\/\/www.deti-diakosice.sk\/wp-content\/uploads\/2025\/03\/cloud.jpeg\",\"width\":640,\"height\":640},{\"@type\":\"BreadcrumbList\",\"@id\":\"https:\/\/www.deti-diakosice.sk\/#breadcrumb\",\"itemListElement\":[{\"@type\":\"ListItem\",\"position\":1,\"name\":\"Home\",\"item\":\"https:\/\/www.deti-diakosice.sk\/\"},{\"@type\":\"ListItem\",\"position\":2,\"name\":\"Dve percent\u00e1\"}]},{\"@type\":\"WebSite\",\"@id\":\"https:\/\/www.deti-diakosice.sk\/#website\",\"url\":\"https:\/\/www.deti-diakosice.sk\/\",\"name\":\"Zv\u00e4z diabetikov Slovenska - Z\u00e1kladn\u00e1 organiz\u00e1cia Ko\u0161ice - deti\",\"description\":\"Na\u0161e sladk\u00e9 deti :-)\",\"potentialAction\":[{\"@type\":\"SearchAction\",\"target\":{\"@type\":\"EntryPoint\",\"urlTemplate\":\"https:\/\/www.deti-diakosice.sk\/?s={search_term_string}\"},\"query-input\":{\"@type\":\"PropertyValueSpecification\",\"valueRequired\":true,\"valueName\":\"search_term_string\"}}],\"inLanguage\":\"sk-SK\"}]}<\/script>\n<!-- \/ Yoast SEO plugin. -->","yoast_head_json":{"title":"Dve percent\u00e1 - Zv\u00e4z diabetikov Slovenska - Z\u00e1kladn\u00e1 organiz\u00e1cia Ko\u0161ice - deti","robots":{"index":"index","follow":"follow","max-snippet":"max-snippet:-1","max-image-preview":"max-image-preview:large","max-video-preview":"max-video-preview:-1"},"canonical":"https:\/\/www.deti-diakosice.sk\/","og_locale":"sk_SK","og_type":"article","og_title":"Dve percent\u00e1 - Zv\u00e4z diabetikov Slovenska - Z\u00e1kladn\u00e1 organiz\u00e1cia Ko\u0161ice - deti","og_description":"PRE\u010cO DAROVA\u0164 2% Z DANE V\u00e1\u0161 pr\u00edspevok vo forme 2% z dane z pr\u00edjmu fyzick\u00fdch a pr\u00e1vnick\u00fdch os\u00f4b nie je pr\u00edspevok navy\u0161e z v\u00e1\u0161ho pr\u00edjmu. Pr\u00e1ve naopak, v pr\u00edpade neuplatnenia si svojho pr\u00e1va, tieto prostriedky odvedie da\u0148ov\u00fd \u00farad do \u0161t\u00e1tneho rozpo\u010dtu. Od roku 2026 m\u00f4\u017eu \u013eudia popri neziskovk\u00e1ch posla\u0165 2 % z dane aj rodi\u010dom [&hellip;]","og_url":"https:\/\/www.deti-diakosice.sk\/","og_site_name":"Zv\u00e4z diabetikov Slovenska - Z\u00e1kladn\u00e1 organiz\u00e1cia Ko\u0161ice - deti","article_modified_time":"2026-01-25T20:54:38+00:00","og_image":[{"width":640,"height":640,"url":"https:\/\/www.deti-diakosice.sk\/wp-content\/uploads\/2025\/03\/cloud.jpeg","type":"image\/jpeg"}],"twitter_card":"summary_large_image","twitter_misc":{"Predpokladan\u00fd \u010das \u010d\u00edtania":"6 min\u00fat"},"schema":{"@context":"https:\/\/schema.org","@graph":[{"@type":"WebPage","@id":"https:\/\/www.deti-diakosice.sk\/","url":"https:\/\/www.deti-diakosice.sk\/","name":"Dve percent\u00e1 - Zv\u00e4z diabetikov Slovenska - Z\u00e1kladn\u00e1 organiz\u00e1cia Ko\u0161ice - deti","isPartOf":{"@id":"https:\/\/www.deti-diakosice.sk\/#website"},"primaryImageOfPage":{"@id":"https:\/\/www.deti-diakosice.sk\/#primaryimage"},"image":{"@id":"https:\/\/www.deti-diakosice.sk\/#primaryimage"},"thumbnailUrl":"https:\/\/www.deti-diakosice.sk\/wp-content\/uploads\/2025\/03\/cloud.jpeg","datePublished":"2026-01-25T19:07:28+00:00","dateModified":"2026-01-25T20:54:38+00:00","breadcrumb":{"@id":"https:\/\/www.deti-diakosice.sk\/#breadcrumb"},"inLanguage":"sk-SK","potentialAction":[{"@type":"ReadAction","target":["https:\/\/www.deti-diakosice.sk\/"]}]},{"@type":"ImageObject","inLanguage":"sk-SK","@id":"https:\/\/www.deti-diakosice.sk\/#primaryimage","url":"https:\/\/www.deti-diakosice.sk\/wp-content\/uploads\/2025\/03\/cloud.jpeg","contentUrl":"https:\/\/www.deti-diakosice.sk\/wp-content\/uploads\/2025\/03\/cloud.jpeg","width":640,"height":640},{"@type":"BreadcrumbList","@id":"https:\/\/www.deti-diakosice.sk\/#breadcrumb","itemListElement":[{"@type":"ListItem","position":1,"name":"Home","item":"https:\/\/www.deti-diakosice.sk\/"},{"@type":"ListItem","position":2,"name":"Dve percent\u00e1"}]},{"@type":"WebSite","@id":"https:\/\/www.deti-diakosice.sk\/#website","url":"https:\/\/www.deti-diakosice.sk\/","name":"Zv\u00e4z diabetikov Slovenska - Z\u00e1kladn\u00e1 organiz\u00e1cia Ko\u0161ice - deti","description":"Na\u0161e sladk\u00e9 deti :-)","potentialAction":[{"@type":"SearchAction","target":{"@type":"EntryPoint","urlTemplate":"https:\/\/www.deti-diakosice.sk\/?s={search_term_string}"},"query-input":{"@type":"PropertyValueSpecification","valueRequired":true,"valueName":"search_term_string"}}],"inLanguage":"sk-SK"}]}},"_links":{"self":[{"href":"https:\/\/www.deti-diakosice.sk\/index.php?rest_route=\/wp\/v2\/pages\/282","targetHints":{"allow":["GET"]}}],"collection":[{"href":"https:\/\/www.deti-diakosice.sk\/index.php?rest_route=\/wp\/v2\/pages"}],"about":[{"href":"https:\/\/www.deti-diakosice.sk\/index.php?rest_route=\/wp\/v2\/types\/page"}],"author":[{"embeddable":true,"href":"https:\/\/www.deti-diakosice.sk\/index.php?rest_route=\/wp\/v2\/users\/2"}],"replies":[{"embeddable":true,"href":"https:\/\/www.deti-diakosice.sk\/index.php?rest_route=%2Fwp%2Fv2%2Fcomments&post=282"}],"version-history":[{"count":5,"href":"https:\/\/www.deti-diakosice.sk\/index.php?rest_route=\/wp\/v2\/pages\/282\/revisions"}],"predecessor-version":[{"id":324,"href":"https:\/\/www.deti-diakosice.sk\/index.php?rest_route=\/wp\/v2\/pages\/282\/revisions\/324"}],"wp:attachment":[{"href":"https:\/\/www.deti-diakosice.sk\/index.php?rest_route=%2Fwp%2Fv2%2Fmedia&parent=282"}],"curies":[{"name":"wp","href":"https:\/\/api.w.org\/{rel}","templated":true}]}}