{"id":29,"date":"2022-04-01T13:47:41","date_gmt":"2022-04-01T11:47:41","guid":{"rendered":"https:\/\/www.deti-diakosice.sk\/?page_id=29"},"modified":"2025-06-08T20:14:00","modified_gmt":"2025-06-08T18:14:00","slug":"podporovatelia","status":"publish","type":"page","link":"https:\/\/www.deti-diakosice.sk\/?page_id=29","title":{"rendered":"Podporovatelia"},"content":{"rendered":"\n    <table>\n        <tr>\n            <td>\n                <a href=\"https:\/\/www.betamont.sk\" target=\"_blank\">\n                    <img loading=\"lazy\" decoding=\"async\" src=\"https:\/\/www.deti-diakosice.sk\/wp-content\/uploads\/2025\/02\/betamont_positive_320.png\" width=\"320\" height=\"146\" alt=\"BETAMONT s.r.o.\">\n                <\/a>\n            <\/td>\n            <td>\n                <a href=\"https:\/\/www.lorex.sk\" target=\"_blank\">\n                    <img loading=\"lazy\" decoding=\"async\" src=\"https:\/\/www.deti-diakosice.sk\/wp-content\/uploads\/2025\/06\/lorexdistribution_lg.jpg\" width=\"320\" height=\"178\" alt=\"Lorex Distribution s.r.o.\">\n                <\/a>\n            <\/td>\n            <td>\n                <a href=\"https:\/\/www.websupport.sk\/?ref=NjIjGV86\" target=\"_blank\">\n                    <img loading=\"lazy\" decoding=\"async\" src=\"https:\/\/www.deti-diakosice.sk\/wp-content\/uploads\/2022\/04\/freeweb-sk-3.png\" width=\"320\" height=\"100\" alt=\"Websupport, s.r.o.\">\n                <\/a>\n            <\/td>\n        <\/tr>\n    <\/table>\n\n\n\n<p><a href=\"https:\/\/www.betamont.sk\" target=\"_blank\" rel=\"noreferrer noopener\"><\/a><\/p>\n","protected":false},"excerpt":{"rendered":"","protected":false},"author":2,"featured_media":0,"parent":0,"menu_order":0,"comment_status":"closed","ping_status":"closed","template":"","meta":{"_monsterinsights_skip_tracking":false,"_monsterinsights_sitenote_active":false,"_monsterinsights_sitenote_note":"","_monsterinsights_sitenote_category":0,"footnotes":""},"class_list":["post-29","page","type-page","status-publish","hentry"],"yoast_head":"<!-- This site is optimized with the Yoast SEO plugin v25.2 - https:\/\/yoast.com\/wordpress\/plugins\/seo\/ -->\n<title>Podporovatelia - Zv\u00e4z diabetikov Slovenska - Z\u00e1kladn\u00e1 organiz\u00e1cia Ko\u0161ice - deti<\/title>\n<meta name=\"robots\" content=\"index, follow, max-snippet:-1, max-image-preview:large, max-video-preview:-1\" \/>\n<link rel=\"canonical\" href=\"https:\/\/www.deti-diakosice.sk\/?page_id=29\" \/>\n<meta property=\"og:locale\" content=\"sk_SK\" \/>\n<meta property=\"og:type\" content=\"article\" \/>\n<meta property=\"og:title\" content=\"Podporovatelia - Zv\u00e4z diabetikov Slovenska - Z\u00e1kladn\u00e1 organiz\u00e1cia Ko\u0161ice - deti\" \/>\n<meta property=\"og:url\" content=\"https:\/\/www.deti-diakosice.sk\/?page_id=29\" \/>\n<meta property=\"og:site_name\" content=\"Zv\u00e4z diabetikov Slovenska - Z\u00e1kladn\u00e1 organiz\u00e1cia Ko\u0161ice - deti\" \/>\n<meta property=\"article:modified_time\" content=\"2025-06-08T18:14:00+00:00\" \/>\n<meta property=\"og:image\" content=\"https:\/\/www.deti-diakosice.sk\/wp-content\/uploads\/2025\/02\/betamont_positive_320.png\" \/>\n<meta name=\"twitter:card\" content=\"summary_large_image\" \/>\n<meta name=\"twitter:label1\" content=\"Predpokladan\u00fd \u010das \u010d\u00edtania\" \/>\n\t<meta name=\"twitter:data1\" content=\"1 min\u00fata\" \/>\n<script type=\"application\/ld+json\" class=\"yoast-schema-graph\">{\"@context\":\"https:\/\/schema.org\",\"@graph\":[{\"@type\":\"WebPage\",\"@id\":\"https:\/\/www.deti-diakosice.sk\/?page_id=29\",\"url\":\"https:\/\/www.deti-diakosice.sk\/?page_id=29\",\"name\":\"Podporovatelia - Zv\u00e4z diabetikov Slovenska - Z\u00e1kladn\u00e1 organiz\u00e1cia Ko\u0161ice - deti\",\"isPartOf\":{\"@id\":\"https:\/\/www.deti-diakosice.sk\/#website\"},\"primaryImageOfPage\":{\"@id\":\"https:\/\/www.deti-diakosice.sk\/?page_id=29#primaryimage\"},\"image\":{\"@id\":\"https:\/\/www.deti-diakosice.sk\/?page_id=29#primaryimage\"},\"thumbnailUrl\":\"https:\/\/www.deti-diakosice.sk\/wp-content\/uploads\/2025\/02\/betamont_positive_320.png\",\"datePublished\":\"2022-04-01T11:47:41+00:00\",\"dateModified\":\"2025-06-08T18:14:00+00:00\",\"breadcrumb\":{\"@id\":\"https:\/\/www.deti-diakosice.sk\/?page_id=29#breadcrumb\"},\"inLanguage\":\"sk-SK\",\"potentialAction\":[{\"@type\":\"ReadAction\",\"target\":[\"https:\/\/www.deti-diakosice.sk\/?page_id=29\"]}]},{\"@type\":\"ImageObject\",\"inLanguage\":\"sk-SK\",\"@id\":\"https:\/\/www.deti-diakosice.sk\/?page_id=29#primaryimage\",\"url\":\"https:\/\/www.deti-diakosice.sk\/wp-content\/uploads\/2025\/02\/betamont_positive_320.png\",\"contentUrl\":\"https:\/\/www.deti-diakosice.sk\/wp-content\/uploads\/2025\/02\/betamont_positive_320.png\",\"width\":320,\"height\":146},{\"@type\":\"BreadcrumbList\",\"@id\":\"https:\/\/www.deti-diakosice.sk\/?page_id=29#breadcrumb\",\"itemListElement\":[{\"@type\":\"ListItem\",\"position\":1,\"name\":\"Home\",\"item\":\"https:\/\/www.deti-diakosice.sk\/\"},{\"@type\":\"ListItem\",\"position\":2,\"name\":\"Podporovatelia\"}]},{\"@type\":\"WebSite\",\"@id\":\"https:\/\/www.deti-diakosice.sk\/#website\",\"url\":\"https:\/\/www.deti-diakosice.sk\/\",\"name\":\"Zv\u00e4z diabetikov Slovenska - Z\u00e1kladn\u00e1 organiz\u00e1cia Ko\u0161ice - deti\",\"description\":\"Na\u0161e sladk\u00e9 deti :-)\",\"potentialAction\":[{\"@type\":\"SearchAction\",\"target\":{\"@type\":\"EntryPoint\",\"urlTemplate\":\"https:\/\/www.deti-diakosice.sk\/?s={search_term_string}\"},\"query-input\":{\"@type\":\"PropertyValueSpecification\",\"valueRequired\":true,\"valueName\":\"search_term_string\"}}],\"inLanguage\":\"sk-SK\"}]}<\/script>\n<!-- \/ Yoast SEO plugin. -->","yoast_head_json":{"title":"Podporovatelia - Zv\u00e4z diabetikov Slovenska - Z\u00e1kladn\u00e1 organiz\u00e1cia Ko\u0161ice - deti","robots":{"index":"index","follow":"follow","max-snippet":"max-snippet:-1","max-image-preview":"max-image-preview:large","max-video-preview":"max-video-preview:-1"},"canonical":"https:\/\/www.deti-diakosice.sk\/?page_id=29","og_locale":"sk_SK","og_type":"article","og_title":"Podporovatelia - Zv\u00e4z diabetikov Slovenska - Z\u00e1kladn\u00e1 organiz\u00e1cia Ko\u0161ice - deti","og_url":"https:\/\/www.deti-diakosice.sk\/?page_id=29","og_site_name":"Zv\u00e4z diabetikov Slovenska - Z\u00e1kladn\u00e1 organiz\u00e1cia Ko\u0161ice - deti","article_modified_time":"2025-06-08T18:14:00+00:00","og_image":[{"url":"https:\/\/www.deti-diakosice.sk\/wp-content\/uploads\/2025\/02\/betamont_positive_320.png","type":"","width":"","height":""}],"twitter_card":"summary_large_image","twitter_misc":{"Predpokladan\u00fd \u010das \u010d\u00edtania":"1 min\u00fata"},"schema":{"@context":"https:\/\/schema.org","@graph":[{"@type":"WebPage","@id":"https:\/\/www.deti-diakosice.sk\/?page_id=29","url":"https:\/\/www.deti-diakosice.sk\/?page_id=29","name":"Podporovatelia - Zv\u00e4z diabetikov Slovenska - Z\u00e1kladn\u00e1 organiz\u00e1cia Ko\u0161ice - deti","isPartOf":{"@id":"https:\/\/www.deti-diakosice.sk\/#website"},"primaryImageOfPage":{"@id":"https:\/\/www.deti-diakosice.sk\/?page_id=29#primaryimage"},"image":{"@id":"https:\/\/www.deti-diakosice.sk\/?page_id=29#primaryimage"},"thumbnailUrl":"https:\/\/www.deti-diakosice.sk\/wp-content\/uploads\/2025\/02\/betamont_positive_320.png","datePublished":"2022-04-01T11:47:41+00:00","dateModified":"2025-06-08T18:14:00+00:00","breadcrumb":{"@id":"https:\/\/www.deti-diakosice.sk\/?page_id=29#breadcrumb"},"inLanguage":"sk-SK","potentialAction":[{"@type":"ReadAction","target":["https:\/\/www.deti-diakosice.sk\/?page_id=29"]}]},{"@type":"ImageObject","inLanguage":"sk-SK","@id":"https:\/\/www.deti-diakosice.sk\/?page_id=29#primaryimage","url":"https:\/\/www.deti-diakosice.sk\/wp-content\/uploads\/2025\/02\/betamont_positive_320.png","contentUrl":"https:\/\/www.deti-diakosice.sk\/wp-content\/uploads\/2025\/02\/betamont_positive_320.png","width":320,"height":146},{"@type":"BreadcrumbList","@id":"https:\/\/www.deti-diakosice.sk\/?page_id=29#breadcrumb","itemListElement":[{"@type":"ListItem","position":1,"name":"Home","item":"https:\/\/www.deti-diakosice.sk\/"},{"@type":"ListItem","position":2,"name":"Podporovatelia"}]},{"@type":"WebSite","@id":"https:\/\/www.deti-diakosice.sk\/#website","url":"https:\/\/www.deti-diakosice.sk\/","name":"Zv\u00e4z diabetikov Slovenska - Z\u00e1kladn\u00e1 organiz\u00e1cia Ko\u0161ice - deti","description":"Na\u0161e sladk\u00e9 deti :-)","potentialAction":[{"@type":"SearchAction","target":{"@type":"EntryPoint","urlTemplate":"https:\/\/www.deti-diakosice.sk\/?s={search_term_string}"},"query-input":{"@type":"PropertyValueSpecification","valueRequired":true,"valueName":"search_term_string"}}],"inLanguage":"sk-SK"}]}},"_links":{"self":[{"href":"https:\/\/www.deti-diakosice.sk\/index.php?rest_route=\/wp\/v2\/pages\/29","targetHints":{"allow":["GET"]}}],"collection":[{"href":"https:\/\/www.deti-diakosice.sk\/index.php?rest_route=\/wp\/v2\/pages"}],"about":[{"href":"https:\/\/www.deti-diakosice.sk\/index.php?rest_route=\/wp\/v2\/types\/page"}],"author":[{"embeddable":true,"href":"https:\/\/www.deti-diakosice.sk\/index.php?rest_route=\/wp\/v2\/users\/2"}],"replies":[{"embeddable":true,"href":"https:\/\/www.deti-diakosice.sk\/index.php?rest_route=%2Fwp%2Fv2%2Fcomments&post=29"}],"version-history":[{"count":5,"href":"https:\/\/www.deti-diakosice.sk\/index.php?rest_route=\/wp\/v2\/pages\/29\/revisions"}],"predecessor-version":[{"id":265,"href":"https:\/\/www.deti-diakosice.sk\/index.php?rest_route=\/wp\/v2\/pages\/29\/revisions\/265"}],"wp:attachment":[{"href":"https:\/\/www.deti-diakosice.sk\/index.php?rest_route=%2Fwp%2Fv2%2Fmedia&parent=29"}],"curies":[{"name":"wp","href":"https:\/\/api.w.org\/{rel}","templated":true}]}}